{"id":252,"date":"2026-03-21T23:30:29","date_gmt":"2026-03-21T23:30:29","guid":{"rendered":"http:\/\/artes-oscuras-serigrafa.local\/?post_type=product&#038;p=252"},"modified":"2026-03-23T10:49:04","modified_gmt":"2026-03-23T10:49:04","slug":"solo-es-punk-si-yo-lo-digo-50x70","status":"publish","type":"product","link":"https:\/\/www.artesoscuras.com\/en\/product\/solo-es-punk-si-yo-lo-digo-50x70\/","title":{"rendered":"SOLO ES PUNK SI YO LO DIGO 50&#215;70"},"content":{"rendered":"<p>P\u00f3ster en 50&#215;70 cm dibujado por Invasi\u00f3n 77 &#8211; \u00faltimas 2 unidades.<\/p>","protected":false},"excerpt":{"rendered":"<p>P\u00f3ster en 50&#215;70 cm dibujado por Invasi\u00f3n 77 &#8211; \u00faltimas 2 unidades.<\/p>","protected":false},"featured_media":311,"template":"","meta":{"_joinchat":[]},"product_brand":[],"product_cat":[151],"product_tag":[],"class_list":{"0":"post-252","1":"product","2":"type-product","3":"status-publish","4":"has-post-thumbnail","6":"product_cat-prints","8":"first","9":"instock","10":"featured","11":"taxable","12":"shipping-taxable","13":"purchasable","14":"product-type-simple"},"jetpack_sharing_enabled":true,"_links":{"self":[{"href":"https:\/\/www.artesoscuras.com\/en\/wp-json\/wp\/v2\/product\/252","targetHints":{"allow":["GET"]}}],"collection":[{"href":"https:\/\/www.artesoscuras.com\/en\/wp-json\/wp\/v2\/product"}],"about":[{"href":"https:\/\/www.artesoscuras.com\/en\/wp-json\/wp\/v2\/types\/product"}],"wp:featuredmedia":[{"embeddable":true,"href":"https:\/\/www.artesoscuras.com\/en\/wp-json\/wp\/v2\/media\/311"}],"wp:attachment":[{"href":"https:\/\/www.artesoscuras.com\/en\/wp-json\/wp\/v2\/media?parent=252"}],"wp:term":[{"taxonomy":"product_brand","embeddable":true,"href":"https:\/\/www.artesoscuras.com\/en\/wp-json\/wp\/v2\/product_brand?post=252"},{"taxonomy":"product_cat","embeddable":true,"href":"https:\/\/www.artesoscuras.com\/en\/wp-json\/wp\/v2\/product_cat?post=252"},{"taxonomy":"product_tag","embeddable":true,"href":"https:\/\/www.artesoscuras.com\/en\/wp-json\/wp\/v2\/product_tag?post=252"}],"curies":[{"name":"wp","href":"https:\/\/api.w.org\/{rel}","templated":true}]}}