{"id":227,"date":"2026-03-20T23:27:00","date_gmt":"2026-03-20T23:27:00","guid":{"rendered":"http:\/\/artes-oscuras-serigrafa.local\/?post_type=product&#038;p=227"},"modified":"2026-03-31T17:23:06","modified_gmt":"2026-03-31T17:23:06","slug":"migration-is-not-a-crime","status":"publish","type":"product","link":"https:\/\/www.artesoscuras.com\/en\/product\/migration-is-not-a-crime\/","title":{"rendered":"MIGRATION IS NOT A CRIME"},"content":{"rendered":"<p>Camiseta ben\u00e9fica dise\u00f1ada por AL SUR DEL INFIERNO. Los ingresos de esta camiseta ser\u00e1n donados.<\/p>","protected":false},"excerpt":{"rendered":"<p><img fetchpriority=\"high\" decoding=\"async\" class=\"aligncenter wp-image-126821 size-large\" src=\"https:\/\/artesoscuras.com\/wp-content\/uploads\/2024\/12\/Migration-back-1024x1024.png\" alt=\"\" width=\"1024\" height=\"1024\" \/><\/p>","protected":false},"featured_media":281,"template":"","meta":{"_joinchat":[]},"product_brand":[],"product_cat":[149],"product_tag":[],"class_list":{"0":"post-227","1":"product","2":"type-product","3":"status-publish","4":"has-post-thumbnail","6":"product_cat-clothing","8":"first","9":"instock","10":"featured","11":"taxable","12":"shipping-taxable","13":"product-type-variable"},"jetpack_sharing_enabled":true,"_links":{"self":[{"href":"https:\/\/www.artesoscuras.com\/en\/wp-json\/wp\/v2\/product\/227","targetHints":{"allow":["GET"]}}],"collection":[{"href":"https:\/\/www.artesoscuras.com\/en\/wp-json\/wp\/v2\/product"}],"about":[{"href":"https:\/\/www.artesoscuras.com\/en\/wp-json\/wp\/v2\/types\/product"}],"wp:featuredmedia":[{"embeddable":true,"href":"https:\/\/www.artesoscuras.com\/en\/wp-json\/wp\/v2\/media\/281"}],"wp:attachment":[{"href":"https:\/\/www.artesoscuras.com\/en\/wp-json\/wp\/v2\/media?parent=227"}],"wp:term":[{"taxonomy":"product_brand","embeddable":true,"href":"https:\/\/www.artesoscuras.com\/en\/wp-json\/wp\/v2\/product_brand?post=227"},{"taxonomy":"product_cat","embeddable":true,"href":"https:\/\/www.artesoscuras.com\/en\/wp-json\/wp\/v2\/product_cat?post=227"},{"taxonomy":"product_tag","embeddable":true,"href":"https:\/\/www.artesoscuras.com\/en\/wp-json\/wp\/v2\/product_tag?post=227"}],"curies":[{"name":"wp","href":"https:\/\/api.w.org\/{rel}","templated":true}]}}