{"id":222,"date":"2026-03-21T23:27:00","date_gmt":"2026-03-21T23:27:00","guid":{"rendered":"http:\/\/artes-oscuras-serigrafa.local\/?post_type=product&#038;p=222"},"modified":"2026-03-23T11:02:17","modified_gmt":"2026-03-23T11:02:17","slug":"narcosis","status":"publish","type":"product","link":"https:\/\/www.artesoscuras.com\/en\/product\/narcosis\/","title":{"rendered":"NARCOSIS"},"content":{"rendered":"<p>Narcosis es una banda de rock peruano, originaria en la ciudad de Lima. Fue formada en 1984 y fueron una de las primeras agrupaciones, pertenecientes a la movida denominada rock subterr\u00e1neo; corriente ligada a la escena punk rock underground lime\u00f1a en los a\u00f1os 1980. Camiseta de algod\u00f3n 100% tinta discharge a base de agua sin tacto impresa en serigraf\u00eda.<\/p>","protected":false},"excerpt":{"rendered":"<div class=\"woocommerce-product-details__short-description\">\n<p>Narcosis es una banda de rock peruano, originaria en la ciudad de Lima. Fue formada en 1984 y fueron una de las primeras agrupaciones, pertenecientes a la movida denominada rock subterr\u00e1neo; corriente ligada a la escena punk rock underground lime\u00f1a en los a\u00f1os 1980. Camiseta de algod\u00f3n 100% tinta discharge a base de agua sin tacto impresa en serigraf\u00eda.<\/p>\n<\/div>","protected":false},"featured_media":270,"template":"","meta":{"_joinchat":[]},"product_brand":[],"product_cat":[149],"product_tag":[],"class_list":{"0":"post-222","1":"product","2":"type-product","3":"status-publish","4":"has-post-thumbnail","6":"product_cat-clothing","8":"first","9":"instock","10":"featured","11":"taxable","12":"shipping-taxable","13":"purchasable","14":"product-type-variable"},"jetpack_sharing_enabled":true,"_links":{"self":[{"href":"https:\/\/www.artesoscuras.com\/en\/wp-json\/wp\/v2\/product\/222","targetHints":{"allow":["GET"]}}],"collection":[{"href":"https:\/\/www.artesoscuras.com\/en\/wp-json\/wp\/v2\/product"}],"about":[{"href":"https:\/\/www.artesoscuras.com\/en\/wp-json\/wp\/v2\/types\/product"}],"wp:featuredmedia":[{"embeddable":true,"href":"https:\/\/www.artesoscuras.com\/en\/wp-json\/wp\/v2\/media\/270"}],"wp:attachment":[{"href":"https:\/\/www.artesoscuras.com\/en\/wp-json\/wp\/v2\/media?parent=222"}],"wp:term":[{"taxonomy":"product_brand","embeddable":true,"href":"https:\/\/www.artesoscuras.com\/en\/wp-json\/wp\/v2\/product_brand?post=222"},{"taxonomy":"product_cat","embeddable":true,"href":"https:\/\/www.artesoscuras.com\/en\/wp-json\/wp\/v2\/product_cat?post=222"},{"taxonomy":"product_tag","embeddable":true,"href":"https:\/\/www.artesoscuras.com\/en\/wp-json\/wp\/v2\/product_tag?post=222"}],"curies":[{"name":"wp","href":"https:\/\/api.w.org\/{rel}","templated":true}]}}