{"id":163,"date":"2026-03-21T19:53:36","date_gmt":"2026-03-21T19:53:36","guid":{"rendered":"http:\/\/artes-oscuras-serigrafa.local\/?post_type=product&#038;p=163"},"modified":"2026-03-31T17:22:52","modified_gmt":"2026-03-31T17:22:52","slug":"bedboys","status":"publish","type":"product","link":"https:\/\/www.artesoscuras.com\/en\/product\/bedboys\/","title":{"rendered":"BEDBOYS"},"content":{"rendered":"<p>Camiseta tributo a la banda hardcore punk italiana BEDBOYS, hecha 100% de algod\u00f3n y tinta a base de agua sin tacto (descarga) impresa en serigraf\u00eda, 100% algod\u00f3n Ring-Spun preencogido, Punto jersey. Tira de limpieza de hombro a hombro. Doble pespunte en las mangas y en el bajo de la prenda.<\/p>","protected":false},"excerpt":{"rendered":"<p>Camiseta tributo a la banda hardcore punk italiana BEDBOYS, hecha 100% de algod\u00f3n y tinta a base de agua sin tacto (descarga) impresa en serigraf\u00eda, 100% algod\u00f3n Ring-Spun preencogido, Punto jersey. Tira de limpieza de hombro a hombro. Doble pespunte en las mangas y en el bajo de la prenda.<\/p>","protected":false},"featured_media":94,"template":"","meta":{"_joinchat":[]},"product_brand":[],"product_cat":[149],"product_tag":[],"class_list":{"0":"post-163","1":"product","2":"type-product","3":"status-publish","4":"has-post-thumbnail","6":"product_cat-clothing","8":"first","9":"instock","10":"featured","11":"taxable","12":"shipping-taxable","13":"product-type-variable"},"jetpack_sharing_enabled":true,"_links":{"self":[{"href":"https:\/\/www.artesoscuras.com\/en\/wp-json\/wp\/v2\/product\/163","targetHints":{"allow":["GET"]}}],"collection":[{"href":"https:\/\/www.artesoscuras.com\/en\/wp-json\/wp\/v2\/product"}],"about":[{"href":"https:\/\/www.artesoscuras.com\/en\/wp-json\/wp\/v2\/types\/product"}],"wp:featuredmedia":[{"embeddable":true,"href":"https:\/\/www.artesoscuras.com\/en\/wp-json\/wp\/v2\/media\/94"}],"wp:attachment":[{"href":"https:\/\/www.artesoscuras.com\/en\/wp-json\/wp\/v2\/media?parent=163"}],"wp:term":[{"taxonomy":"product_brand","embeddable":true,"href":"https:\/\/www.artesoscuras.com\/en\/wp-json\/wp\/v2\/product_brand?post=163"},{"taxonomy":"product_cat","embeddable":true,"href":"https:\/\/www.artesoscuras.com\/en\/wp-json\/wp\/v2\/product_cat?post=163"},{"taxonomy":"product_tag","embeddable":true,"href":"https:\/\/www.artesoscuras.com\/en\/wp-json\/wp\/v2\/product_tag?post=163"}],"curies":[{"name":"wp","href":"https:\/\/api.w.org\/{rel}","templated":true}]}}