{"id":155,"date":"2026-03-21T20:54:35","date_gmt":"2026-03-21T20:54:35","guid":{"rendered":"http:\/\/artes-oscuras-serigrafa.local\/?post_type=product&#038;p=155"},"modified":"2026-03-23T19:03:01","modified_gmt":"2026-03-23T19:03:01","slug":"slaughter-and-the-dogs","status":"publish","type":"product","link":"https:\/\/www.artesoscuras.com\/en\/product\/slaughter-and-the-dogs\/","title":{"rendered":"SLAUGHTER AND THE DOGS"},"content":{"rendered":"<p>Camiseta tributo a la banda de punk inglesa Slaugther and the Dogs, Un nuevo bootleg\u00a0 tributo a estos cl\u00e1sicos del punk ingl\u00e9s. Quisimos revivir y reinterpretar la portada del que consideramos su\u00a0 album mas representativo\u00a0 &#8220;<a href=\"https:\/\/www.discogs.com\/es\/master\/128313-Slaughter-And-The-Dogs-Do-It-Dog-Style\">do it dog style<\/a>&#8221;\u00a0 pero con el titulo de su sencillo &#8220;you&#8217;re ready now&#8221;, esta vez hecho con un formato m\u00e1s alargado y con tinta negra a base de agua sobre camiseta de algod\u00f3n 100%<\/p>\n<figure id=\"attachment_528\" aria-describedby=\"caption-attachment-528\" style=\"width: 1536px\" class=\"wp-caption aligncenter\"><img fetchpriority=\"high\" decoding=\"async\" class=\"size-full wp-image-528\" src=\"https:\/\/artesoscuras.com\/wp-content\/uploads\/2022\/09\/WhatsApp-Image-2022-09-23-at-09.45.27.jpeg\" alt=\"dos camisetas de slaugther and the dogs you are ready now\" width=\"1536\" height=\"2048\" \/><figcaption id=\"caption-attachment-528\" class=\"wp-caption-text\">dos camisetas de slaugther and the dogs you are ready now<\/figcaption><\/figure>","protected":false},"excerpt":{"rendered":"<p>Camiseta de algod\u00f3n 100% tinta a base de agua sin tacto impresa en serigraf\u00eda, 100% algod\u00f3n Ring-Spun preencogido, Punto jersey. Tira de limpieza de hombro a hombro. Doble pespunte en las mangas y en el bajo de la prenda.<\/p>","protected":false},"featured_media":84,"template":"","meta":{"_joinchat":[]},"product_brand":[],"product_cat":[149],"product_tag":[],"class_list":{"0":"post-155","1":"product","2":"type-product","3":"status-publish","4":"has-post-thumbnail","6":"product_cat-clothing","8":"first","9":"instock","10":"featured","11":"taxable","12":"shipping-taxable","13":"purchasable","14":"product-type-variable"},"jetpack_sharing_enabled":true,"_links":{"self":[{"href":"https:\/\/www.artesoscuras.com\/en\/wp-json\/wp\/v2\/product\/155","targetHints":{"allow":["GET"]}}],"collection":[{"href":"https:\/\/www.artesoscuras.com\/en\/wp-json\/wp\/v2\/product"}],"about":[{"href":"https:\/\/www.artesoscuras.com\/en\/wp-json\/wp\/v2\/types\/product"}],"wp:featuredmedia":[{"embeddable":true,"href":"https:\/\/www.artesoscuras.com\/en\/wp-json\/wp\/v2\/media\/84"}],"wp:attachment":[{"href":"https:\/\/www.artesoscuras.com\/en\/wp-json\/wp\/v2\/media?parent=155"}],"wp:term":[{"taxonomy":"product_brand","embeddable":true,"href":"https:\/\/www.artesoscuras.com\/en\/wp-json\/wp\/v2\/product_brand?post=155"},{"taxonomy":"product_cat","embeddable":true,"href":"https:\/\/www.artesoscuras.com\/en\/wp-json\/wp\/v2\/product_cat?post=155"},{"taxonomy":"product_tag","embeddable":true,"href":"https:\/\/www.artesoscuras.com\/en\/wp-json\/wp\/v2\/product_tag?post=155"}],"curies":[{"name":"wp","href":"https:\/\/api.w.org\/{rel}","templated":true}]}}